{"id":98,"date":"2022-02-21T04:43:37","date_gmt":"2022-02-21T07:43:37","guid":{"rendered":"https:\/\/geracao-z.net\/?page_id=98"},"modified":"2022-05-05T14:46:34","modified_gmt":"2022-05-05T17:46:34","slug":"fale-conosco","status":"publish","type":"page","link":"https:\/\/geracao-z.net\/?page_id=98","title":{"rendered":"Fale Conosco"},"content":{"rendered":"<div data-colibri-id=\"98-c1\" class=\"style-502 style-local-98-c1 position-relative\">\n  <!---->\n  <div data-colibri-component=\"section\" data-colibri-id=\"98-c2\" id=\"custom-4\" class=\"h-section h-section-global-spacing d-flex align-items-lg-center align-items-md-center align-items-center style-1620 style-local-98-c2 position-relative\">\n    <!---->\n    <!---->\n    <div class=\"h-section-grid-container h-section-boxed-container\">\n      <!---->\n      <div data-colibri-id=\"98-c3\" class=\"h-row-container gutters-row-lg-2 gutters-row-md-2 gutters-row-0 gutters-row-v-lg-2 gutters-row-v-md-2 gutters-row-v-2 style-1630 style-local-98-c3 position-relative\">\n        <!---->\n        <div class=\"h-row justify-content-lg-center justify-content-md-center justify-content-center align-items-lg-stretch align-items-md-stretch align-items-stretch gutters-col-lg-2 gutters-col-md-2 gutters-col-0 gutters-col-v-lg-2 gutters-col-v-md-2 gutters-col-v-2\">\n          <!---->\n          <div class=\"h-column h-column-container d-flex h-col-lg-auto h-col-md-auto h-col-auto style-1631-outer style-local-98-c4-outer\">\n            <div data-colibri-id=\"98-c4\" class=\"d-flex h-flex-basis h-column__inner h-px-lg-2 h-px-md-2 h-px-2 v-inner-lg-2 v-inner-md-2 v-inner-2 style-1631 style-local-98-c4 position-relative\">\n              <!---->\n              <!---->\n              <div class=\"w-100 h-y-container h-column__content h-column__v-align flex-basis-100 align-self-lg-start align-self-md-start align-self-start\">\n                <!---->\n                <div data-colibri-id=\"98-c5\" class=\"style-1632 style-local-98-c5 position-relative h-element\">\n                  <!---->\n                <\/div>\n              <\/div>\n            <\/div>\n          <\/div>\n        <\/div>\n      <\/div>\n      <div data-colibri-id=\"98-c6\" class=\"h-row-container gutters-row-lg-2 gutters-row-md-2 gutters-row-0 gutters-row-v-lg-2 gutters-row-v-md-2 gutters-row-v-2 style-1621 style-local-98-c6 position-relative\">\n        <!---->\n        <div class=\"h-row justify-content-lg-center justify-content-md-center justify-content-center align-items-lg-stretch align-items-md-stretch align-items-stretch gutters-col-lg-2 gutters-col-md-2 gutters-col-0 gutters-col-v-lg-2 gutters-col-v-md-2 gutters-col-v-2\">\n          <!---->\n          <div class=\"h-column h-column-container d-flex h-col-lg-auto h-col-md-auto h-col-auto style-1622-outer style-local-98-c7-outer\">\n            <div data-colibri-id=\"98-c7\" class=\"d-flex h-flex-basis h-column__inner h-px-lg-2 h-px-md-2 h-px-2 v-inner-lg-2 v-inner-md-2 v-inner-2 style-1622 style-local-98-c7 position-relative\">\n              <!---->\n              <!---->\n              <div class=\"w-100 h-y-container h-column__content h-column__v-align flex-basis-100 align-self-lg-start align-self-md-start align-self-start\">\n                <!---->\n                <div data-colibri-id=\"98-c8\" class=\"h-global-transition-all h-heading style-1624 style-local-98-c8 position-relative h-element\">\n                  <!---->\n                  <div class=\"h-heading__outer style-1624 style-local-98-c8\">\n                    <!---->\n                    <!---->\n                    <h3 class=\"\">Fale Conosco<\/h3>\n                  <\/div>\n                <\/div>\n                <div data-colibri-id=\"98-c9\" class=\"h-text h-text-component style-1625 style-local-98-c9 position-relative h-element\">\n                  <!---->\n                  <!---->\n                  <div class=\"\">\n                    <p><span style=\"color: rgb(118, 112, 116); font-family: Montserrat, sans-serif; font-size: 18px; font-weight: 400;\">Para obter mais informa\u00e7\u00f5es, dar sugest\u00f5es ou tirar d\u00favidas, entre em contato conosco atrav\u00e9s do formul\u00e1rio abaixo e entraremos em contato o mais r\u00e1pido poss\u00edvel:<\/span><\/p>\n                    <p>Rio de Janeiro &#8211; RJ<\/p>\n                  <\/div>\n                <\/div>\n                <div data-colibri-id=\"98-c19\" class=\"h-x-container style-1890 style-local-98-c19 position-relative h-element\">\n                  <!---->\n                  <div class=\"h-x-container-inner style-dynamic-98-c19-group style-1890-spacing style-local-98-c19-spacing\"><span class=\"h-link__outer style-1891-outer style-local-98-c20-outer d-inline-flex h-element\"><a h-use-smooth-scroll=\"true\" href=\"\"  data-colibri-id=\"98-c20\" class=\"d-flex w-100 align-items-center h-link style-1891 style-local-98-c20 position-relative\"><!----><!----> <span>contato@geracao-z.net<\/span><\/a>\n                    <\/span>\n                  <\/div>\n                <\/div>\n                <div data-colibri-id=\"98-c12\" class=\"style-1629 style-local-98-c12 position-relative h-element\">\n                  <!---->\n                  <div class=\"d-flex flex-wrap h-social-icons justify-content-lg-start justify-content-md-start justify-content-start\">\n                    <div class=\"social-icon-container d-inline-flex\">\n                      <div class=\"icon-container h-social-icon h-global-transition\">\n                        <div class=\"h-icon-svg\" style=\"width: 100%; height: 100%;\">\n                          <!--Icon by Socicon (http:\/\/www.socicon.com)-->\n                          <svg version=\"1.1\" xmlns=\"http:\/\/www.w3.org\/2000\/svg\" viewBox=\"0 0 1500 1500\">\n\n                            <path d=\"M1280.273 216.797c-140.625-140.625-328.125-216.797-527.344-216.797-410.156 0-744.141 333.984-744.141 744.141 0 128.906 35.156 257.813 99.609 372.070l-105.469 383.789 395.508-102.539c108.398 58.594 228.516 90.82 354.492 90.82v0c0 0 0 0 0 0 410.156 0 744.141-333.984 744.141-744.141 0-199.219-76.172-386.719-216.797-527.344zM752.93 1362.305v0c-111.328 0-219.727-29.297-313.477-87.891l-23.438-11.719-234.375 61.523 61.523-228.516-14.648-23.438c-61.523-99.609-93.75-210.938-93.75-328.125 0-342.773 278.32-618.164 618.164-618.164 164.063 0 319.336 64.453 436.523 181.641s181.641 272.461 181.641 436.523c0 339.844-278.32 618.164-618.164 618.164zM1092.773 899.414c-20.508-8.789-111.328-55.664-128.906-61.523-14.648-5.859-29.297-8.789-41.016 8.789-11.719 20.508-46.875 61.523-58.594 73.242s-20.508 14.648-41.016 5.859c-17.578-8.789-76.172-29.297-149.414-93.75-52.734-46.875-90.82-108.398-102.539-128.906-11.719-17.578 0-26.367 8.789-38.086 8.789-5.859 17.578-20.508 26.367-32.227 11.719-8.789 14.648-17.578 20.508-29.297s2.93-23.438-2.93-32.227c-2.93-8.789-41.016-102.539-55.664-137.695-17.578-38.086-32.227-32.227-43.945-32.227-8.789 0-23.438 0-35.156 0s-32.227 2.93-49.805 20.508c-17.578 20.508-64.453 64.453-64.453 155.273 0 93.75 67.383 181.641 76.172 193.359s131.836 199.219 316.406 281.25c43.945 17.578 79.102 29.297 105.469 38.086 46.875 14.648 84.961 11.719 117.188 8.789 38.086-5.859 111.328-46.875 125.977-90.82 17.578-41.016 17.578-79.102 11.719-87.891-5.859-5.859-17.578-11.719-35.156-20.508z\"><\/path>\n                          <\/svg>\n                        <\/div>\n                      <\/div>\n                    <\/div>\n                  <\/div>\n                <\/div>\n              <\/div>\n            <\/div>\n          <\/div>\n          <div class=\"h-column h-column-container d-flex h-col-lg-auto h-col-md-auto h-col-auto style-1623-outer style-local-98-c13-outer\">\n            <div data-colibri-id=\"98-c13\" class=\"d-flex h-flex-basis h-column__inner h-px-lg-2 h-px-md-2 h-px-2 v-inner-lg-2 v-inner-md-2 v-inner-2 style-1623 style-local-98-c13 position-relative\">\n              <!---->\n              <!---->\n              <div class=\"w-100 h-y-container h-column__content h-column__v-align flex-basis-100 align-self-lg-start align-self-md-start align-self-start\">\n                <!---->\n                <div data-colibri-id=\"98-c14\" class=\"h-text h-text-component style-1613 style-local-98-c14 position-relative h-element\">\n                  <!---->\n                  <!---->\n                  <div class=\"\">\n                    <div class='fluentform fluentform_wrapper_3'><form data-form_id=\"3\" id=\"fluentform_3\" class=\"frm-fluent-form fluent_form_3 ff-el-form-top ff_form_instance_3_1 ff-form-loading\" data-form_instance=\"ff_form_instance_3_1\" method=\"POST\" ><input type='hidden' name='__fluent_form_embded_post_id' value='98' \/><input type=\"hidden\" id=\"_fluentform_3_fluentformnonce\" name=\"_fluentform_3_fluentformnonce\" value=\"4782afd055\" \/><input type=\"hidden\" name=\"_wp_http_referer\" value=\"\/index.php?rest_route=%2Fwp%2Fv2%2Fpages%2F98\" \/><div data-type=\"name-element\" data-name=\"names\" class=\" ff-field_container ff-name-field-wrapper\" ><div class='ff-t-container'><div class='ff-t-cell '><div class='ff-el-group'><div class='ff-el-input--label ff-el-is-required asterisk-right'><label for='ff_3_names_first_name_'>Nome<\/label> <\/div><div class='ff-el-input--content'><input type=\"text\" name=\"names[first_name]\" id=\"ff_3_names_first_name_\" class=\"ff-el-form-control\" placeholder=\"Seu nome\" ><\/div><\/div><\/div><div class='ff-t-cell '><div class='ff-el-group'><div class='ff-el-input--label ff-el-is-required asterisk-right'><label for='ff_3_names_last_name_'>Sobrenome<\/label> <\/div><div class='ff-el-input--content'><input type=\"text\" name=\"names[last_name]\" id=\"ff_3_names_last_name_\" class=\"ff-el-form-control\" placeholder=\"Seu sobrenome\" ><\/div><\/div><\/div><\/div><\/div><div class='ff-el-group'><div class='ff-el-input--label ff-el-is-required asterisk-right'><label for='ff_3_email'>Email<\/label> <\/div><div class='ff-el-input--content'><input type=\"email\" name=\"email\" id=\"ff_3_email\" class=\"ff-el-form-control\" placeholder=\"Email \" data-name=\"email\" ><\/div><\/div><div class='ff-el-group'><div class='ff-el-input--label ff-el-is-required asterisk-right'><label for='ff_3_subject'>Assunto:<\/label> <\/div><div class='ff-el-input--content'><input type=\"text\" name=\"subject\" class=\"ff-el-form-control\" data-name=\"subject\" id=\"ff_3_subject\" ><\/div><\/div><div class='ff-el-group'><div class='ff-el-input--label ff-el-is-required asterisk-right'><label for='ff_3_message'>Sua mensagem:<\/label> <\/div><div class='ff-el-input--content'><textarea name=\"message\" id=\"ff_3_message\" class=\"ff-el-form-control\" placeholder=\"Insira sua mensagem.\" rows=\"4\" cols=\"2\" data-name=\"message\" ><\/textarea><\/div><\/div><div class='ff-el-group ff-text-left ff_submit_btn_wrapper'><button type=\"submit\" class=\"ff-btn ff-btn-submit ff-btn-md ff_btn_style\" >Enviar<\/button><\/div><\/form><div id='fluentform_3_errors' class='ff-errors-in-stack ff_form_instance_3_1 ff-form-loading_errors ff_form_instance_3_1_errors'><\/div><\/div>        <script type=\"text\/javascript\">\n            window.fluent_form_ff_form_instance_3_1 = {\"id\":\"3\",\"settings\":{\"layout\":{\"labelPlacement\":\"top\",\"helpMessagePlacement\":\"with_label\",\"errorMessagePlacement\":\"inline\",\"asteriskPlacement\":\"asterisk-right\"},\"id\":\"39\",\"restrictions\":{\"denyEmptySubmission\":{\"enabled\":false}}},\"form_instance\":\"ff_form_instance_3_1\",\"form_id_selector\":\"fluentform_3\",\"rules\":{\"names[first_name]\":{\"required\":{\"value\":true,\"message\":\"This field is required\"}},\"names[middle_name]\":{\"required\":{\"value\":false,\"message\":\"This field is required\"}},\"names[last_name]\":{\"required\":{\"value\":true,\"message\":\"This field is required\"}},\"email\":{\"required\":{\"value\":true,\"message\":\"This field is required\"},\"email\":{\"value\":true,\"message\":\"This field must contain a valid email\"}},\"subject\":{\"required\":{\"value\":true,\"message\":\"This field is required\"}},\"message\":{\"required\":{\"value\":true,\"message\":\"This field is required\"}}}};\n                    <\/script>\n        \n                  <\/div>\n                <\/div>\n              <\/div>\n            <\/div>\n          <\/div>\n        <\/div>\n      <\/div>\n    <\/div>\n  <\/div>\n  <div data-colibri-component=\"section\" data-colibri-id=\"98-c15\" id=\"custom-3\" class=\"h-section h-section-global-spacing d-flex align-items-lg-center align-items-md-center align-items-center style-1616 style-local-98-c15 position-relative\">\n    <!---->\n    <!---->\n    <div class=\"h-section-grid-container h-section-boxed-container\">\n      <!---->\n      <div data-colibri-id=\"98-c16\" class=\"h-row-container gutters-row-lg-2 gutters-row-md-2 gutters-row-0 gutters-row-v-lg-2 gutters-row-v-md-2 gutters-row-v-2 style-1617 style-local-98-c16 position-relative\">\n        <!---->\n        <div class=\"h-row justify-content-lg-center justify-content-md-center justify-content-center align-items-lg-stretch align-items-md-stretch align-items-stretch gutters-col-lg-2 gutters-col-md-2 gutters-col-0 gutters-col-v-lg-2 gutters-col-v-md-2 gutters-col-v-2\">\n          <!---->\n          <div class=\"h-column h-column-container d-flex h-col-lg-auto h-col-md-auto h-col-auto style-1618-outer style-local-98-c17-outer\">\n            <div data-colibri-id=\"98-c17\" class=\"d-flex h-flex-basis h-column__inner h-px-lg-2 h-px-md-2 h-px-2 v-inner-lg-2 v-inner-md-2 v-inner-2 style-1618 style-local-98-c17 position-relative\">\n              <!---->\n              <!---->\n              <div class=\"w-100 h-y-container h-column__content h-column__v-align flex-basis-100 align-self-lg-start align-self-md-start align-self-start\">\n                <!---->\n                <div data-colibri-id=\"98-c18\" class=\"h-text h-text-component style-1619 style-local-98-c18 position-relative h-element\">\n                  <!---->\n                  <!---->\n                  <div class=\"\">\n                    <p><span style=\"font-weight: 400; font-size: 16px; font-family: &quot;Open Sans&quot;; color: rgb(102, 102, 102);\">@ 2022 Gera\u00e7\u00e3o Z. Todos os direitos reservados.<\/span><\/p>\n                  <\/div>\n                <\/div>\n              <\/div>\n            <\/div>\n          <\/div>\n        <\/div>\n      <\/div>\n    <\/div>\n  <\/div>\n<\/div>","protected":false},"excerpt":{"rendered":"<p>Fale Conosco Para obter mais informa\u00e7\u00f5es, dar sugest\u00f5es ou tirar d\u00favidas, entre em contato conosco atrav\u00e9s do formul\u00e1rio abaixo e entraremos em contato o mais r\u00e1pido poss\u00edvel: Rio de Janeiro &#8211; RJ contato@geracao-z.net @ 2022 Gera\u00e7\u00e3o Z. Todos os direitos reservados.<\/p>\n","protected":false},"author":1,"featured_media":0,"parent":0,"menu_order":0,"comment_status":"closed","ping_status":"closed","template":"page-templates\/full-width-page.php","meta":{"footnotes":""},"class_list":["post-98","page","type-page","status-publish","hentry"],"yoast_head":"<!-- This site is optimized with the Yoast SEO plugin v27.6 - https:\/\/yoast.com\/product\/yoast-seo-wordpress\/ -->\n<title>Fale Conosco - Gera\u00e7\u00e3o Z<\/title>\n<meta name=\"robots\" content=\"index, follow, max-snippet:-1, max-image-preview:large, max-video-preview:-1\" \/>\n<link rel=\"canonical\" href=\"https:\/\/geracao-z.net\/?page_id=98\" \/>\n<meta property=\"og:locale\" content=\"pt_BR\" \/>\n<meta property=\"og:type\" content=\"article\" \/>\n<meta property=\"og:title\" content=\"Fale Conosco - Gera\u00e7\u00e3o Z\" \/>\n<meta property=\"og:description\" content=\"Fale Conosco Para obter mais informa\u00e7\u00f5es, dar sugest\u00f5es ou tirar d\u00favidas, entre em contato conosco atrav\u00e9s do formul\u00e1rio abaixo e entraremos em contato o mais r\u00e1pido poss\u00edvel: Rio de Janeiro &#8211; RJ contato@geracao-z.net @ 2022 Gera\u00e7\u00e3o Z. Todos os direitos reservados.\" \/>\n<meta property=\"og:url\" content=\"https:\/\/geracao-z.net\/?page_id=98\" \/>\n<meta property=\"og:site_name\" content=\"Gera\u00e7\u00e3o Z\" \/>\n<meta property=\"article:modified_time\" content=\"2022-05-05T17:46:34+00:00\" \/>\n<meta name=\"twitter:card\" content=\"summary_large_image\" \/>\n<script type=\"application\/ld+json\" class=\"yoast-schema-graph\">{\"@context\":\"https:\\\/\\\/schema.org\",\"@graph\":[{\"@type\":\"WebPage\",\"@id\":\"https:\\\/\\\/geracao-z.net\\\/?page_id=98\",\"url\":\"https:\\\/\\\/geracao-z.net\\\/?page_id=98\",\"name\":\"Fale Conosco - Gera\u00e7\u00e3o Z\",\"isPartOf\":{\"@id\":\"https:\\\/\\\/geracao-z.net\\\/#website\"},\"datePublished\":\"2022-02-21T07:43:37+00:00\",\"dateModified\":\"2022-05-05T17:46:34+00:00\",\"breadcrumb\":{\"@id\":\"https:\\\/\\\/geracao-z.net\\\/?page_id=98#breadcrumb\"},\"inLanguage\":\"pt-BR\",\"potentialAction\":[{\"@type\":\"ReadAction\",\"target\":[\"https:\\\/\\\/geracao-z.net\\\/?page_id=98\"]}]},{\"@type\":\"BreadcrumbList\",\"@id\":\"https:\\\/\\\/geracao-z.net\\\/?page_id=98#breadcrumb\",\"itemListElement\":[{\"@type\":\"ListItem\",\"position\":1,\"name\":\"In\u00edcio\",\"item\":\"https:\\\/\\\/geracao-z.net\\\/\"},{\"@type\":\"ListItem\",\"position\":2,\"name\":\"Fale Conosco\"}]},{\"@type\":\"WebSite\",\"@id\":\"https:\\\/\\\/geracao-z.net\\\/#website\",\"url\":\"https:\\\/\\\/geracao-z.net\\\/\",\"name\":\"Gera\u00e7\u00e3o Z\",\"description\":\"Gera\u00e7\u00e3o Z\",\"publisher\":{\"@id\":\"https:\\\/\\\/geracao-z.net\\\/#organization\"},\"potentialAction\":[{\"@type\":\"SearchAction\",\"target\":{\"@type\":\"EntryPoint\",\"urlTemplate\":\"https:\\\/\\\/geracao-z.net\\\/?s={search_term_string}\"},\"query-input\":{\"@type\":\"PropertyValueSpecification\",\"valueRequired\":true,\"valueName\":\"search_term_string\"}}],\"inLanguage\":\"pt-BR\"},{\"@type\":\"Organization\",\"@id\":\"https:\\\/\\\/geracao-z.net\\\/#organization\",\"name\":\"Gera\u00e7\u00e3o Z\",\"url\":\"https:\\\/\\\/geracao-z.net\\\/\",\"logo\":{\"@type\":\"ImageObject\",\"inLanguage\":\"pt-BR\",\"@id\":\"https:\\\/\\\/geracao-z.net\\\/#\\\/schema\\\/logo\\\/image\\\/\",\"url\":\"https:\\\/\\\/geracao-z.net\\\/wp-content\\\/uploads\\\/2022\\\/02\\\/cropped-cropped-Copia-de-GERACAO_Z_LOGO_SEM_FUNDO.png\",\"contentUrl\":\"https:\\\/\\\/geracao-z.net\\\/wp-content\\\/uploads\\\/2022\\\/02\\\/cropped-cropped-Copia-de-GERACAO_Z_LOGO_SEM_FUNDO.png\",\"width\":512,\"height\":430,\"caption\":\"Gera\u00e7\u00e3o Z\"},\"image\":{\"@id\":\"https:\\\/\\\/geracao-z.net\\\/#\\\/schema\\\/logo\\\/image\\\/\"}}]}<\/script>\n<!-- \/ Yoast SEO plugin. -->","yoast_head_json":{"title":"Fale Conosco - Gera\u00e7\u00e3o Z","robots":{"index":"index","follow":"follow","max-snippet":"max-snippet:-1","max-image-preview":"max-image-preview:large","max-video-preview":"max-video-preview:-1"},"canonical":"https:\/\/geracao-z.net\/?page_id=98","og_locale":"pt_BR","og_type":"article","og_title":"Fale Conosco - Gera\u00e7\u00e3o Z","og_description":"Fale Conosco Para obter mais informa\u00e7\u00f5es, dar sugest\u00f5es ou tirar d\u00favidas, entre em contato conosco atrav\u00e9s do formul\u00e1rio abaixo e entraremos em contato o mais r\u00e1pido poss\u00edvel: Rio de Janeiro &#8211; RJ contato@geracao-z.net @ 2022 Gera\u00e7\u00e3o Z. Todos os direitos reservados.","og_url":"https:\/\/geracao-z.net\/?page_id=98","og_site_name":"Gera\u00e7\u00e3o Z","article_modified_time":"2022-05-05T17:46:34+00:00","twitter_card":"summary_large_image","schema":{"@context":"https:\/\/schema.org","@graph":[{"@type":"WebPage","@id":"https:\/\/geracao-z.net\/?page_id=98","url":"https:\/\/geracao-z.net\/?page_id=98","name":"Fale Conosco - Gera\u00e7\u00e3o Z","isPartOf":{"@id":"https:\/\/geracao-z.net\/#website"},"datePublished":"2022-02-21T07:43:37+00:00","dateModified":"2022-05-05T17:46:34+00:00","breadcrumb":{"@id":"https:\/\/geracao-z.net\/?page_id=98#breadcrumb"},"inLanguage":"pt-BR","potentialAction":[{"@type":"ReadAction","target":["https:\/\/geracao-z.net\/?page_id=98"]}]},{"@type":"BreadcrumbList","@id":"https:\/\/geracao-z.net\/?page_id=98#breadcrumb","itemListElement":[{"@type":"ListItem","position":1,"name":"In\u00edcio","item":"https:\/\/geracao-z.net\/"},{"@type":"ListItem","position":2,"name":"Fale Conosco"}]},{"@type":"WebSite","@id":"https:\/\/geracao-z.net\/#website","url":"https:\/\/geracao-z.net\/","name":"Gera\u00e7\u00e3o Z","description":"Gera\u00e7\u00e3o Z","publisher":{"@id":"https:\/\/geracao-z.net\/#organization"},"potentialAction":[{"@type":"SearchAction","target":{"@type":"EntryPoint","urlTemplate":"https:\/\/geracao-z.net\/?s={search_term_string}"},"query-input":{"@type":"PropertyValueSpecification","valueRequired":true,"valueName":"search_term_string"}}],"inLanguage":"pt-BR"},{"@type":"Organization","@id":"https:\/\/geracao-z.net\/#organization","name":"Gera\u00e7\u00e3o Z","url":"https:\/\/geracao-z.net\/","logo":{"@type":"ImageObject","inLanguage":"pt-BR","@id":"https:\/\/geracao-z.net\/#\/schema\/logo\/image\/","url":"https:\/\/geracao-z.net\/wp-content\/uploads\/2022\/02\/cropped-cropped-Copia-de-GERACAO_Z_LOGO_SEM_FUNDO.png","contentUrl":"https:\/\/geracao-z.net\/wp-content\/uploads\/2022\/02\/cropped-cropped-Copia-de-GERACAO_Z_LOGO_SEM_FUNDO.png","width":512,"height":430,"caption":"Gera\u00e7\u00e3o Z"},"image":{"@id":"https:\/\/geracao-z.net\/#\/schema\/logo\/image\/"}}]}},"jetpack_sharing_enabled":true,"_links":{"self":[{"href":"https:\/\/geracao-z.net\/index.php?rest_route=\/wp\/v2\/pages\/98","targetHints":{"allow":["GET"]}}],"collection":[{"href":"https:\/\/geracao-z.net\/index.php?rest_route=\/wp\/v2\/pages"}],"about":[{"href":"https:\/\/geracao-z.net\/index.php?rest_route=\/wp\/v2\/types\/page"}],"author":[{"embeddable":true,"href":"https:\/\/geracao-z.net\/index.php?rest_route=\/wp\/v2\/users\/1"}],"replies":[{"embeddable":true,"href":"https:\/\/geracao-z.net\/index.php?rest_route=%2Fwp%2Fv2%2Fcomments&post=98"}],"version-history":[{"count":16,"href":"https:\/\/geracao-z.net\/index.php?rest_route=\/wp\/v2\/pages\/98\/revisions"}],"predecessor-version":[{"id":2994,"href":"https:\/\/geracao-z.net\/index.php?rest_route=\/wp\/v2\/pages\/98\/revisions\/2994"}],"wp:attachment":[{"href":"https:\/\/geracao-z.net\/index.php?rest_route=%2Fwp%2Fv2%2Fmedia&parent=98"}],"curies":[{"name":"wp","href":"https:\/\/api.w.org\/{rel}","templated":true}]}}